{"id":190,"date":"2017-05-23T08:09:36","date_gmt":"2017-05-23T08:09:36","guid":{"rendered":"http:\/\/hubble.owwwlab.com\/?page_id=190"},"modified":"2019-01-18T09:21:10","modified_gmt":"2019-01-18T09:21:10","slug":"presentations","status":"publish","type":"page","link":"https:\/\/ultrasofc.eu\/index.php\/presentations\/","title":{"rendered":"Presentations"},"content":{"rendered":"<p>[vc_row][vc_column][vc_column_text]<\/p>\n<h1>2018<\/h1>\n<p>[\/vc_column_text][vc_row_inner][vc_column_inner][vc_column_text]<\/p>\n<h3>POWERMEMS 2018, Daytona Beach, FL (USA)<\/h3>\n<p>A PD\/AL2O3-BASED MICRO-REFORMER UNIT FULLY INTEGRATED IN SILICON TECHNOLOGY FOR H-RICH GAS PRODUCTION<br \/>\n<i><em><span style=\"text-decoration: underline;\">M. Bianchini<\/span>, N. Alayo, L. Soler, M. Salleras, L. Fonseca, J. Llorca, and A. Tarancon<\/em><\/i><u><\/u>. ORAL PRESENTATION.<br \/>\n<a href=\"https:\/\/ultrasofc.eu\/wp-content\/uploads\/2019\/01\/2018_PowerMEMS_Bianchini.pdf\">See abstract<\/a><\/p>\n<p>December 3-7, 2018[\/vc_column_text][vc_empty_space height=\u00bb20&#8243; tablet_height=\u00bb40&#8243; mobile_height=\u00bb30&#8243;][\/vc_column_inner][\/vc_row_inner][vc_row_inner][vc_column_inner][vc_column_text]<\/p>\n<h3>44<sup>th<\/sup> International Conference on Micro and Nanoengineering (MNE) 2018, Copenhagen (Denmark)<\/h3>\n<p>Large area free-standing membranes supported by doped silicon slabs for micro power sources\u200b<br \/>\n<i><em><u>N. Alayo<\/u>, I. Garbayo, M. Bianchini, F. Chiabrera, M. Salleras, L. Fonseca, A. Taranc\u00f3n<\/em><\/i><u><\/u>. ORAL PRESENTATION.<\/p>\n<p>Fabrication and characterization of a suspended micro-reformer unit fully integrated in silicon for DME steam reforming<br \/>\n<em><span style=\"text-decoration: underline;\">M. Bianchini<\/span>, N. Alayo, M. Salleras, L. Fonseca, J. Llorca, A. Taranc\u00f3n.<\/em> ORAL PRESENTATION.<br \/>\n<a href=\"https:\/\/ultrasofc.eu\/wp-content\/uploads\/2018\/08\/2018_MNE_Bianchini.pdf\">See abstract<\/a><\/p>\n<p>September 24-27, 2018[\/vc_column_text][vc_empty_space height=\u00bb20&#8243; tablet_height=\u00bb40&#8243; mobile_height=\u00bb30&#8243;][\/vc_column_inner][\/vc_row_inner][vc_row_inner][vc_column_inner][\/vc_column_inner][\/vc_row_inner][vc_column_text]<\/p>\n<h3><strong>17th International Meeting on Chemical Sensors, Vienna (Austria)<\/strong><\/h3>\n<p>Fully integrated electrochemical sensors: a disruptive alternative compatible with microelectronics procedures.<br \/>\n<i>F. Baiutti, <\/i><em>A. Morata, N. Alayo, I. Garbayo, F. Chiabrera, L. Fonseca, J. R. Morante, <u>A. Taranc\u00f3n<\/u><\/em>. INVITED TALK.<br \/>\n<a href=\"https:\/\/ultrasofc.eu\/wp-content\/uploads\/2018\/04\/2018_IMCS_Tarancon.pdf\">See abstract<\/a><\/p>\n<p>July 15-19, 2018[\/vc_column_text][vc_empty_space height=\u00bb20&#8243; tablet_height=\u00bb40&#8243; mobile_height=\u00bb30&#8243;][vc_row_inner][vc_column_inner][vc_column_text]<\/p>\n<h3>EMRS Spring Meeting, Strasbourg (France)<\/h3>\n<p>Superior oxide-ion conducting thin film electrolytes for low temperature \u00b5SOFC operation.<br \/>\n<i><span style=\"text-decoration: underline;\">I. Garbayo<\/span>, F. Chiabrera, N. Alayo, A. Morata, A. Taranc\u00f3n.<\/i> ORAL PRESENTATION.<br \/>\n<a href=\"https:\/\/ultrasofc.eu\/wp-content\/uploads\/2018\/04\/2018_E-MRS_Garbayo.pdf\">See abstract<\/a><\/p>\n<p>Grain boundary dominated strontium-doped lanthanum manganite thin films: the origin of mixed ionic-electronic conduction.<br \/>\n<i><span style=\"text-decoration: underline;\">F. Chiabrera<\/span>, I. Garbayo, A. Chroneos, A. Kordatos, L. L\u00f3pez-Conesa, A. Morata, A. Ruiz-Caridad, S. Estrad\u00e9, F. Peir\u00f3, A. Taranc\u00f3n.<\/i> ORAL PRESENTATION.<br \/>\n<a href=\"https:\/\/ultrasofc.eu\/wp-content\/uploads\/2018\/04\/2018_E-MRS_Chiabrera.pdf\">See abstract<\/a><\/p>\n<p>Characterization of combinatorial La<sub>0.8<\/sub>Sr<sub>0.2<\/sub>MO<sub>3\u00b1<\/sub><sub>\u03b4<\/sub> (M = Co, Mn, Fe) thin films for SOFC cathode materials.<br \/>\n<i><span style=\"text-decoration: underline;\">F. Chiabrera<\/span>, A. Horn\u00e9s, I. Garbayo, A. Morata, A. Taranc\u00f3n. <\/i> POSTER PRESENTATION.<br \/>\n<a href=\"https:\/\/ultrasofc.eu\/wp-content\/uploads\/2018\/04\/2018_E-MRS_Hornes.pdf\">See abstract<\/a><\/p>\n<p>June 18-22, 2018[\/vc_column_text][vc_empty_space height=\u00bb20&#8243; tablet_height=\u00bb40&#8243; mobile_height=\u00bb30&#8243;][\/vc_column_inner][\/vc_row_inner][vc_row_inner][vc_column_inner][vc_column_text]<\/p>\n<h3>COST TO-BE Spring Meeting, Sant Feliu de Gu\u00ecxols (Spain)<\/h3>\n<p>Bi<sub>2<\/sub>V<sub>0.9<\/sub>Cu<sub>0.1<\/sub>O<sub>5.35<\/sub> thin films as alternative electrolytes for low temperature \u00b5SOFC<br \/>\n<i><span style=\"text-decoration: underline;\">I. Garbayo<\/span>, F. Chiabrera, N. Alayo, A. Morata, A. Taranc\u00f3n.<\/i> POSTER PRESENTATION.<br \/>\n<a href=\"https:\/\/ultrasofc.eu\/wp-content\/uploads\/2018\/04\/2018_COST-TO-BE_Garbayo.pdf\">See abstract<\/a><\/p>\n<p>Grain boundary dominated strontium-doped lanthanum manganite thin films for enhanced mixed ionic-electronic conduction properties.<br \/>\n<i><span style=\"text-decoration: underline;\">F. Chiabrera<\/span>, L. L\u00f3pez-Conesa, I. Garbayo, A. Morata, A. Ruiz-Caridad, S. Estrad\u00e9, F. Peir\u00f3, A. Taranc\u00f3n.<\/i> POSTER PRESENTATION.<br \/>\n<a href=\"https:\/\/ultrasofc.eu\/wp-content\/uploads\/2018\/04\/2018_COST-TO-BE_Chiabrera.pdf\">See abstract<\/a><\/p>\n<p>March 12-14, 2018[\/vc_column_text][vc_empty_space height=\u00bb20&#8243; tablet_height=\u00bb40&#8243; mobile_height=\u00bb30&#8243;][\/vc_column_inner][\/vc_row_inner][\/vc_column][\/vc_row][vc_row][vc_column][vc_column_text]<\/p>\n<h1>2017<\/h1>\n<p>[\/vc_column_text][vc_row_inner][vc_column_inner][vc_column_text]<\/p>\n<h3>MNE 2017, Braga (Portugal)<\/h3>\n<p>Micro Solid Oxide Fuel Cells, towards a new generation of miniaturized portable power generators.<br \/>\n<i><span style=\"text-decoration: underline;\">N. Alayo<\/span>, T. Leung, I. Garbayo, F. Chiabrera, A. Morata, A. Taranc\u00f3n.<\/i> ORAL PRESENTATION.<br \/>\n<a href=\"https:\/\/ultrasofc.eu\/wp-content\/uploads\/2018\/04\/2017_MNE_Alayo.pdf\">See abstract<\/a><\/p>\n<p>September 18-22, 2017[\/vc_column_text][vc_empty_space height=\u00bb20&#8243; tablet_height=\u00bb40&#8243; mobile_height=\u00bb30&#8243;][\/vc_column_inner][\/vc_row_inner][vc_row_inner][vc_column_inner][vc_column_text]<\/p>\n<h3>XXVI International Materials Research Congress, Canc\u00fan (Mexico)<\/h3>\n<p>Advances in silicon-intregrated Micro Solid Oxide Fuel Cells: Towards a new family of ultra-thin portable power sources.<br \/>\n<i><span style=\"text-decoration: underline;\"> I. Garbayo<\/span>, F. Chiabrera, N. Alayo, A. Morata, A. Taranc\u00f3n.<\/i> INVITED TALK.<br \/>\n<a href=\"https:\/\/ultrasofc.eu\/wp-content\/uploads\/2018\/04\/2017_XXVI-International..._Garbayo.pdf\">See abstract<\/a><\/p>\n<p>August 20-25, 2017[\/vc_column_text][vc_empty_space height=\u00bb20&#8243; tablet_height=\u00bb40&#8243; mobile_height=\u00bb30&#8243;][\/vc_column_inner][\/vc_row_inner][vc_row_inner][vc_column_inner][vc_column_text]<\/p>\n<h3>3rd Functional Oxide Thin Films for Advanced Energy and Information Technology Conference, Rome (Italy)<\/h3>\n<p>BICUVOX materials for low temperature \u00b5-solid oxide fuel cells.<br \/>\n<i>I. Garbayo, F. Chiabrera, N. Alayo, A. Morata, <span style=\"text-decoration: underline;\">A. Taranc\u00f3n<\/span>.<\/i> POSTER PRESENTATION.<br \/>\n<a href=\"https:\/\/ultrasofc.eu\/wp-content\/uploads\/2018\/04\/2017_3rd_functional..._Garbayo.pdf\">See abstract<\/a><\/p>\n<p>July 5-8, 2017[\/vc_column_text][vc_empty_space height=\u00bb20&#8243; tablet_height=\u00bb40&#8243; mobile_height=\u00bb30&#8243;][\/vc_column_inner][\/vc_row_inner][vc_row_inner][vc_column_inner][vc_column_text]<\/p>\n<h3>21st International Conference on Solid State Ionics, Padua (Italy)<\/h3>\n<p>Revisiting classical superior ionic conducting materials for low temperature \u00b5SOFC.<br \/>\n<i>I. Garbayo, <span style=\"text-decoration: underline;\">F. Chiabrera<\/span>, N. Alayo, A. Morata, A. Taranc\u00f3n. <\/i>POSTER PRESENTATION<br \/>\n<a href=\"https:\/\/ultrasofc.eu\/wp-content\/uploads\/2018\/04\/2017_21st_International..._Garbayo.pdf\">See abstract<\/a><\/p>\n<p>Interface-dominated MIECs for integration in solid state ionics devices.<br \/>\n<i>F. Chiabrera, A. M. Saranya, D. Pla, A. Morata, A. Cavallaro, J. Canales-V\u00e1zquez, L. L\u00f3pez-Conesa, A. Ruiz-Caridad, S.Estrad\u00e9, F. Peir\u00f3, J. A. Kilner, M. Burriel, <span style=\"text-decoration: underline;\">A. Taranc\u00f3n<\/span>. <\/i>INVITED TALK<br \/>\n<a href=\"https:\/\/ultrasofc.eu\/wp-content\/uploads\/2018\/04\/2017_21st_International..._Chiabrera.pdf\">See abstract<\/a><\/p>\n<p>June 18-23, 2017[\/vc_column_text][vc_empty_space height=\u00bb20&#8243; tablet_height=\u00bb40&#8243; mobile_height=\u00bb30&#8243;][\/vc_column_inner][\/vc_row_inner][vc_row_inner][vc_column_inner][vc_column_text]<\/p>\n<h3>International FOSXI conference, Vienna (Austria)<\/h3>\n<p>Towards a new generation of fully integrated in silicon solid state devices based on Interface-dominated MIECs.<br \/>\n<i>F. Chiabrera, I. Garbayo, N. Alayo, A. M. Saranya, D. Pla, A. Morata , M. Salleras, A. Cavallaro, J. Canales-V\u00e1zquez, L. L\u00f3pez-Conesa, A. Ruiz-Caridad, S.Estrad\u00e9, F. Peir\u00f3, J. A. Kilner, M. Burriel, L. Fonseca, <span style=\"text-decoration: underline;\">A. Taranc\u00f3n<\/span>.<\/i> INVITED TALK.<\/p>\n<p>May 15-17, 2017[\/vc_column_text][vc_empty_space height=\u00bb20&#8243; tablet_height=\u00bb40&#8243; mobile_height=\u00bb30&#8243;][\/vc_column_inner][\/vc_row_inner][vc_row_inner][vc_column_inner][vc_column_text]<\/p>\n<h3>SPIE Microtechnologies, Barcelona (Spain)<\/h3>\n<p>Micro solid oxide fuel cells: a new generation of micro-power sources for portable applications.<br \/>\n<i><span style=\"text-decoration: underline;\">I. Garbayo<\/span>, F. Chiabrera, N. Alayo, T. Leung, D. Pla, M. Salleras, L. Fonseca, A. Morata, A. Taranc\u00f3n.<\/i> INVITED TALK.<br \/>\n<a href=\"https:\/\/ultrasofc.eu\/wp-content\/uploads\/2018\/04\/2017_SPIE_Microtechnologies_Garbayo.pdf\">See abstract<\/a><\/p>\n<p>May 8-10, 2017[\/vc_column_text][vc_empty_space height=\u00bb20&#8243; tablet_height=\u00bb40&#8243; mobile_height=\u00bb30&#8243;][\/vc_column_inner][\/vc_row_inner][vc_row_inner][vc_column_inner][vc_column_text]<\/p>\n<h3>10th\u00a0International Conference on Diffusion in Materials (DIMAT), Haifa (Israel)<\/h3>\n<p>Grain boundary dominated thin films of strontium-doped lanthanum manganite for \u03bcSOFC.<br \/>\n<i><span style=\"text-decoration: underline;\">F. Chiabrera<\/span>, L. L\u00f3pez-Conesa, A. Morata, A. Ruiz-Caridad, S. Estrad\u00e9, F. Peir\u00f3, A. Taranc\u00f3n.<\/i> ORAL PRESENTATION.<br \/>\n<a href=\"https:\/\/ultrasofc.eu\/wp-content\/uploads\/2018\/04\/2017_10th_International..._Chiabrera.pdf\">See abstract<\/a><\/p>\n<p>May 7-12, 2017[\/vc_column_text][vc_empty_space height=\u00bb20&#8243; tablet_height=\u00bb40&#8243; mobile_height=\u00bb30&#8243;][\/vc_column_inner][\/vc_row_inner][vc_row_inner][vc_column_inner][vc_column_text]<\/p>\n<h3>Electronic material and Applications meeting, Orlando (Florida, USA)<\/h3>\n<p>Oxygen transport phenomena at the grain boundary level in MIEC thin films.<br \/>\n<i>F. Chiabrera, A. Saranya, D. Pla, A. Morata, A. Cavallaro, J. Canales-Vazquez, J. Kilner, M. Burriel, <span style=\"text-decoration: underline;\">A. Taranc\u00f3n<\/span>.<\/i> INVITED TALK.<br \/>\n<a href=\"https:\/\/ultrasofc.eu\/wp-content\/uploads\/2018\/04\/2017_Electronic-material..._Chiabrera.pdf\">See abstract<\/a><\/p>\n<p>January 18-20, 2017[\/vc_column_text][vc_empty_space height=\u00bb20&#8243; tablet_height=\u00bb40&#8243; mobile_height=\u00bb30&#8243;][\/vc_column_inner][\/vc_row_inner][\/vc_column][\/vc_row][vc_row][vc_column][vc_empty_space height=\u00bb50&#8243; tablet_height=\u00bb40&#8243; mobile_height=\u00bb30&#8243;][\/vc_column][\/vc_row][vc_row][vc_column][vc_column_text]<\/p>\n<h1>2016<\/h1>\n<p>[\/vc_column_text][vc_row_inner][vc_column_inner][vc_column_text]<\/p>\n<h3>COST TO-BE FALL MEETING, Ljubljana (Slovenia)<\/h3>\n<p>Integration of thin film functional oxides for micro Solid Oxide Fuel Cells applications.<br \/>\n<i>I. Garbayo, D. Pla, F. Chiabrera, M. Salleras, L. Fonseca, A. Morata, <span style=\"text-decoration: underline;\">A. Taranc\u00f3n<\/span>.<\/i> ORAL PRESENTATION.<br \/>\n<a href=\"https:\/\/ultrasofc.eu\/wp-content\/uploads\/2018\/04\/2016_COST_TO-BE_Garbayo.pdf\">See abstract<\/a><\/p>\n<p>Interface dominated thin films of strontium-doped lanthanum manganite for micro electrochemical device.<br \/>\n<i><span style=\"text-decoration: underline;\">F. Chiabrera<\/span>, A. M. Saranya, D. Pla, A. Morata , A. Cavallaro, J. Canales-V\u00e1zquez, J. A. Kilner, M. Burriel, A. Taranc\u00f3n.<\/i> ORAL PRESENTATION.<br \/>\n<a href=\"https:\/\/ultrasofc.eu\/wp-content\/uploads\/2018\/04\/2016_COST_TO-BE_Chiabrera.pdf\">See abstract<\/a><\/p>\n<p>September 28-30, 2016[\/vc_column_text][vc_empty_space height=\u00bb20&#8243; tablet_height=\u00bb40&#8243; mobile_height=\u00bb30&#8243;][\/vc_column_inner][\/vc_row_inner][vc_row_inner][vc_column_inner][vc_column_text]<\/p>\n<h3>EMRS Spring meeting, Lille (France)<\/h3>\n<p>Artificial mixed ionic electronic conductors by grain boundary engineering.<br \/>\n<i>A. M. Saranya , D. Pla , A. Morata , A. Cavallaro , J. Canales-V\u00e1zquez , F. Chiabrera, J. A. Kilner , M. Burriel, <span style=\"text-decoration: underline;\">A. Taranc\u00f3n<\/span>.<\/i> INVITED TALK.<br \/>\n<a href=\"https:\/\/ultrasofc.eu\/wp-content\/uploads\/2018\/04\/2016_EMRS_Saranya.pdf\">See abstract<\/a><\/p>\n<p>Free standing YSZ thin membranes integrated on micro machined Silicon platforms for Oxygen sensors and \u03bcSOFC.<br \/>\n<i><span style=\"text-decoration: underline;\">F. Chiabrera<\/span>, I. Garbayo, D. Pla, M. Salleras, J. R. Morante, A. Taranc\u00f3n, A. Morata.<\/i> POSTER PRESENTATION.<br \/>\n<a href=\"https:\/\/ultrasofc.eu\/wp-content\/uploads\/2018\/04\/2016_EMRS_Chiabrera.pdf\">See abstract<\/a><\/p>\n<p>Evaluation of the Mass Transport Properties of La0.8Sr0.2MnO3\u00b1\u03b4 nanostructures by Finite Element Method (FEM) Simulations.<br \/>\n<i>D. Pla, A. Morata, A. M. Saranya, A. Cavallaro, J. Canales-V\u00e1zquez, F. Chiabrera, J. A. Kilner, M. Burriel, <span style=\"text-decoration: underline;\">A. Taranc\u00f3n<\/span>.<\/i> POSTER PRESENTATION.<br \/>\n<a href=\"https:\/\/ultrasofc.eu\/wp-content\/uploads\/2018\/04\/2016_EMRS_Pla.pdf\">See abstract<\/a><\/p>\n<p>May 2-6, 2016[\/vc_column_text][vc_empty_space height=\u00bb20&#8243; tablet_height=\u00bb40&#8243; mobile_height=\u00bb30&#8243;][\/vc_column_inner][\/vc_row_inner][vc_row_inner][vc_column_inner][vc_column_text]<\/p>\n<h3>2<sup>nd<\/sup> Functional Oxide Thin Films for Advanced Energy and Information Technology Conference, Cancun (Mexico)<\/h3>\n<p>Grain Boundary Engineering of Oxide Thin Films for Improving their Performance in Solid State Devices.<br \/>\n<i><span style=\"text-decoration: underline;\">A. Taranc\u00f3n<\/span>, A. Morata, D. Pla, A. M. Saranya, F. Chiabrera, I. Garbayo, A. Cavallaro, J. Canales-V\u00e1zquez, J. A. Kilner, and M. Burriel.<\/i> INVITED TALK.<br \/>\n<a href=\"https:\/\/ultrasofc.eu\/wp-content\/uploads\/2018\/04\/2016_2nd-functional..._Tarancon.pdf\">See abstract<\/a><\/p>\n<p>March 5-8 2016[\/vc_column_text][vc_empty_space height=\u00bb20&#8243; tablet_height=\u00bb40&#8243; mobile_height=\u00bb30&#8243;][\/vc_column_inner][\/vc_row_inner][\/vc_column][\/vc_row]<\/p>\n","protected":false},"excerpt":{"rendered":"<p>[vc_row][vc_column][vc_column_text] 2018 [\/vc_column_text][vc_row_inner][vc_column_inner][vc_column_text] POWERMEMS 2018, Daytona Beach, FL (USA) A PD\/AL2O3-BASED MICRO-REFORMER UNIT FULLY INTEGRATED IN SILICON TECHNOLOGY FOR H-RICH GAS PRODUCTION M. Bianchini, N. Alayo, L. Soler, M. Salleras, L. Fonseca, J. Llorca, and A. Tarancon. ORAL PRESENTATION. See abstract December 3-7, 2018[\/vc_column_text][vc_empty_space height=\u00bb20&#8243; tablet_height=\u00bb40&#8243; mobile_height=\u00bb30&#8243;][\/vc_column_inner][\/vc_row_inner][vc_row_inner][vc_column_inner][vc_column_text] 44th International Conference on Micro and Nanoengineering (MNE) [&hellip;]<\/p>\n","protected":false},"author":1,"featured_media":0,"parent":0,"menu_order":5,"comment_status":"closed","ping_status":"closed","template":"","meta":{"footnotes":""},"class_list":["post-190","page","type-page","status-publish","hentry"],"_links":{"self":[{"href":"https:\/\/ultrasofc.eu\/index.php\/wp-json\/wp\/v2\/pages\/190","targetHints":{"allow":["GET"]}}],"collection":[{"href":"https:\/\/ultrasofc.eu\/index.php\/wp-json\/wp\/v2\/pages"}],"about":[{"href":"https:\/\/ultrasofc.eu\/index.php\/wp-json\/wp\/v2\/types\/page"}],"author":[{"embeddable":true,"href":"https:\/\/ultrasofc.eu\/index.php\/wp-json\/wp\/v2\/users\/1"}],"replies":[{"embeddable":true,"href":"https:\/\/ultrasofc.eu\/index.php\/wp-json\/wp\/v2\/comments?post=190"}],"version-history":[{"count":49,"href":"https:\/\/ultrasofc.eu\/index.php\/wp-json\/wp\/v2\/pages\/190\/revisions"}],"predecessor-version":[{"id":1059,"href":"https:\/\/ultrasofc.eu\/index.php\/wp-json\/wp\/v2\/pages\/190\/revisions\/1059"}],"wp:attachment":[{"href":"https:\/\/ultrasofc.eu\/index.php\/wp-json\/wp\/v2\/media?parent=190"}],"curies":[{"name":"wp","href":"https:\/\/api.w.org\/{rel}","templated":true}]}}